{"id":14,"date":"2025-11-03T12:28:03","date_gmt":"2025-11-03T11:28:03","guid":{"rendered":"http:\/\/www.leonte.at\/?page_id=14"},"modified":"2025-12-09T12:38:30","modified_gmt":"2025-12-09T11:38:30","slug":"ordination-ddr-valentina-leonte","status":"publish","type":"page","link":"https:\/\/www.leonte.at\/","title":{"rendered":"Ordination DDr. Valentina Leonte"},"content":{"rendered":"\n<h1 class=\"wp-block-heading\">Ordination DDr. Valentina Leonte<\/h1>\n\n\n\n<h2 class=\"wp-block-heading\">Fach\u00e4rztin f\u00fcr Zahn-, Mund- und Kieferheilkunde<\/h2>\n\n\n\n<figure class=\"wp-block-image size-full is-style-default\"><img loading=\"lazy\" decoding=\"async\" width=\"655\" height=\"782\" src=\"https:\/\/www.leonte.at\/wp-content\/uploads\/2025\/12\/Vale.jpg\" alt=\"\" class=\"wp-image-32\" srcset=\"https:\/\/www.leonte.at\/wp-content\/uploads\/2025\/12\/Vale.jpg 655w, https:\/\/www.leonte.at\/wp-content\/uploads\/2025\/12\/Vale-251x300.jpg 251w\" sizes=\"auto, (max-width: 655px) 100vw, 655px\" \/><\/figure>\n\n\n\n<p>Ihre gesunden und sch\u00f6nen Z\u00e4hne sind unser Ziel, und Ihre W\u00fcnsche und Bed\u00fcrfnisse stehen f\u00fcr uns an erster Stelle. Darum wird individuelle Beratung bei uns gro\u00df geschrieben. Angst vor dem Zahnarzt brauchen Sie bei uns nicht zu haben, denn damit haben wir Erfahrung und Ihr Wohlbefinden liegt uns am Herzen. Z\u00e4hne sind mehr als nur ein Werkzeug zur Nahrungszerkleinerung \u2013 sie sind Organe der Sprache und des Lachens! Sch\u00f6ne und gepflegte Z\u00e4hne sind Teil Ihrer Ausstrahlung und lassen Sie attraktiver und selbstbewusster auf Ihre Mitmenschen wirken. Wir helfen Ihnen bei der Erhaltung Ihrer Z\u00e4hne, angefangen bei Prophylaxe und Parodontologie, \u00fcber restaurative Zahnheilkunde bis hin zu funktionellen und \u00e4sthetischen prothetischen L\u00f6sungen. Ihr sch\u00f6nes L\u00e4cheln ist uns ein Anliegen ! Die wenigsten Menschen haben sch\u00f6ne und gesunde Z\u00e4hne von Natur aus. Zweimal J\u00e4hrlich zur Kontrolle, die richtige Pflege sowie Fr\u00fcherkennung und Beseitigung von Karies und Vermeidung von Parodontose sind die wichtigsten Schritte f\u00fcr ein unbeschwertes L\u00e4cheln. Gerne beraten wir Sie auch bei \u00e4sthetischen Korrekturen wie etwa Verf\u00e4rbungen oder Fehlstellungen.<\/p>\n\n\n\n<blockquote class=\"wp-block-quote is-layout-flow wp-block-quote-is-layout-flow\">\n<p>Denken Sie daran :<br>Gesunde Z\u00e4hne halten ein Leben lang !!<\/p>\n<\/blockquote>\n\n\n\n<h2 class=\"wp-block-heading\">Kontakt und Ordination:<\/h2>\n\n\n\n<p>Email: <a href=\"mailto:ordination@leonte.at\">ordination@leonte.at<\/a><br>Telefon: +43 1 7863131<\/p>\n\n\n\n<p>Adresse:<br>Linzer Strasse 20-24 \/ Stiege 2 \/ Top1<br>1140 Wien<\/p>\n\n\n\n<p><\/p>\n","protected":false},"excerpt":{"rendered":"<p>Ordination DDr. Valentina Leonte Fach\u00e4rztin f\u00fcr Zahn-, Mund- und Kieferheilkunde Ihre gesunden und sch\u00f6nen Z\u00e4hne sind unser Ziel, und Ihre W\u00fcnsche und Bed\u00fcrfnisse stehen f\u00fcr uns an erster Stelle. Darum wird individuelle Beratung bei uns gro\u00df geschrieben. Angst vor dem Zahnarzt brauchen Sie bei uns nicht zu haben, denn damit haben wir Erfahrung und Ihr&hellip; <a class=\"more-link\" href=\"https:\/\/www.leonte.at\/\">Continue reading <span class=\"screen-reader-text\">Ordination DDr. Valentina Leonte<\/span><\/a><\/p>\n","protected":false},"author":1,"featured_media":0,"parent":0,"menu_order":0,"comment_status":"closed","ping_status":"closed","template":"","meta":{"footnotes":""},"class_list":["post-14","page","type-page","status-publish","hentry","entry"],"_links":{"self":[{"href":"https:\/\/www.leonte.at\/index.php?rest_route=\/wp\/v2\/pages\/14","targetHints":{"allow":["GET"]}}],"collection":[{"href":"https:\/\/www.leonte.at\/index.php?rest_route=\/wp\/v2\/pages"}],"about":[{"href":"https:\/\/www.leonte.at\/index.php?rest_route=\/wp\/v2\/types\/page"}],"author":[{"embeddable":true,"href":"https:\/\/www.leonte.at\/index.php?rest_route=\/wp\/v2\/users\/1"}],"replies":[{"embeddable":true,"href":"https:\/\/www.leonte.at\/index.php?rest_route=%2Fwp%2Fv2%2Fcomments&post=14"}],"version-history":[{"count":8,"href":"https:\/\/www.leonte.at\/index.php?rest_route=\/wp\/v2\/pages\/14\/revisions"}],"predecessor-version":[{"id":34,"href":"https:\/\/www.leonte.at\/index.php?rest_route=\/wp\/v2\/pages\/14\/revisions\/34"}],"wp:attachment":[{"href":"https:\/\/www.leonte.at\/index.php?rest_route=%2Fwp%2Fv2%2Fmedia&parent=14"}],"curies":[{"name":"wp","href":"https:\/\/api.w.org\/{rel}","templated":true}]}}